{"id":671,"date":"2023-03-16T11:37:30","date_gmt":"2023-03-16T11:37:30","guid":{"rendered":"http:\/\/grundschule-uthlede.de\/?page_id=671"},"modified":"2024-09-12T14:01:44","modified_gmt":"2024-09-12T14:01:44","slug":"plattdueuetsche-school","status":"publish","type":"page","link":"http:\/\/grundschule-uthlede.de\/?page_id=671","title":{"rendered":"Plattd\u00fc\u00fctsche School"},"content":{"rendered":"\n<p>Die Grundschule Uthlede ist ausgezeichnet als Plattd\u00fc\u00fctsche School \u2013Alle Sch\u00fclerinnen und Sch\u00fcler der Grundschule Uthlede erhalten ab der zweiten Klasse jeweils ein Halbjahr lang eine Stunde Plattdeutschunterricht pro Woche. \u2013Diese Stunde ist vom Deutschunterricht abgekoppelt und durch das Kerncurriculum Deutsch legitimiert. \u2013Die Kinder lernen spielerisch die plattdeutsche Sprache kennen, lernen Lieder und Geschichten kennen und bauen einen kleinen Wortschatz auf. \u2013Im vierten Schuljahr kann ein Fach (Kunst, Werken,\u2026) auf Plattdeutsch unterrichtet werden \u2013 Immersionsunterricht<\/p>\n\n\n\n<p>&nbsp; Der fr\u00fchzeitige Fremdspracherwerb wirkt sich positiv auf die Entwicklung des Gehirns aus. Bei fr\u00fcher Mehrsprachigkeit erlernte Sprachen werden in einem gemeinsamen neuronalen Netz angelegt und sp\u00e4ter hinzukommende Sprachen k\u00f6nnen hier leichter integriert werden.<\/p>\n\n\n\n<p>&nbsp; Fr\u00fche Mehrsprachigkeit aktiviert au\u00dferdem gr\u00f6\u00dfere Teile des Gehirns in denen das Arbeitsged\u00e4chtnis und das probleml\u00f6sende Denken verankert sind.<\/p>\n\n\n\n<figure class=\"wp-block-image size-large\"><img loading=\"lazy\" decoding=\"async\" width=\"1024\" height=\"768\" src=\"http:\/\/grundschule-uthlede.de\/wp-content\/uploads\/2023\/03\/Lesewettbewerb-2023-Kl-3-1024x768.jpg\" alt=\"\" class=\"wp-image-681\" srcset=\"http:\/\/grundschule-uthlede.de\/wp-content\/uploads\/2023\/03\/Lesewettbewerb-2023-Kl-3-1024x768.jpg 1024w, http:\/\/grundschule-uthlede.de\/wp-content\/uploads\/2023\/03\/Lesewettbewerb-2023-Kl-3-300x225.jpg 300w, http:\/\/grundschule-uthlede.de\/wp-content\/uploads\/2023\/03\/Lesewettbewerb-2023-Kl-3-768x576.jpg 768w, http:\/\/grundschule-uthlede.de\/wp-content\/uploads\/2023\/03\/Lesewettbewerb-2023-Kl-3-1536x1152.jpg 1536w, http:\/\/grundschule-uthlede.de\/wp-content\/uploads\/2023\/03\/Lesewettbewerb-2023-Kl-3-1200x900.jpg 1200w, http:\/\/grundschule-uthlede.de\/wp-content\/uploads\/2023\/03\/Lesewettbewerb-2023-Kl-3-1980x1485.jpg 1980w, http:\/\/grundschule-uthlede.de\/wp-content\/uploads\/2023\/03\/Lesewettbewerb-2023-Kl-3.jpg 2048w\" sizes=\"(max-width: 1024px) 100vw, 1024px\" \/><figcaption>Die Sieger des plattdeutschen Lesewettbewerb 2023 aus Jahrgang 3. <\/figcaption><\/figure>\n\n\n\n<figure class=\"wp-block-image size-large\"><img loading=\"lazy\" decoding=\"async\" width=\"1024\" height=\"768\" src=\"http:\/\/grundschule-uthlede.de\/wp-content\/uploads\/2023\/03\/Lesewettbewerb-Jg-4-2023-1024x768.jpg\" alt=\"\" class=\"wp-image-672\" srcset=\"http:\/\/grundschule-uthlede.de\/wp-content\/uploads\/2023\/03\/Lesewettbewerb-Jg-4-2023-1024x768.jpg 1024w, http:\/\/grundschule-uthlede.de\/wp-content\/uploads\/2023\/03\/Lesewettbewerb-Jg-4-2023-300x225.jpg 300w, http:\/\/grundschule-uthlede.de\/wp-content\/uploads\/2023\/03\/Lesewettbewerb-Jg-4-2023-768x576.jpg 768w, http:\/\/grundschule-uthlede.de\/wp-content\/uploads\/2023\/03\/Lesewettbewerb-Jg-4-2023-1536x1152.jpg 1536w, http:\/\/grundschule-uthlede.de\/wp-content\/uploads\/2023\/03\/Lesewettbewerb-Jg-4-2023-1200x900.jpg 1200w, http:\/\/grundschule-uthlede.de\/wp-content\/uploads\/2023\/03\/Lesewettbewerb-Jg-4-2023-1980x1485.jpg 1980w, http:\/\/grundschule-uthlede.de\/wp-content\/uploads\/2023\/03\/Lesewettbewerb-Jg-4-2023.jpg 2000w\" sizes=\"(max-width: 1024px) 100vw, 1024px\" \/><figcaption>Die Sieger des plattdeutschen Lesewettbewerbs 2023 aus Jahrgang 4. <\/figcaption><\/figure>\n\n\n\n<p><\/p>\n\n\n\n<p>Hier ein Artikel der Nordseezeitung \u00fcber den Plattdeutschunterricht der Grundschule Uthlede aus dem Jahr 2018.<\/p>\n\n\n\n<p><\/p>\n\n\n\n<figure class=\"wp-block-image size-full is-style-default\"><img loading=\"lazy\" decoding=\"async\" width=\"448\" height=\"597\" src=\"http:\/\/grundschule-uthlede.de\/wp-content\/uploads\/2024\/09\/grafik.png\" alt=\"\" class=\"wp-image-714\" srcset=\"http:\/\/grundschule-uthlede.de\/wp-content\/uploads\/2024\/09\/grafik.png 448w, http:\/\/grundschule-uthlede.de\/wp-content\/uploads\/2024\/09\/grafik-225x300.png 225w\" sizes=\"(max-width: 448px) 100vw, 448px\" \/><\/figure>\n","protected":false},"excerpt":{"rendered":"<p>Die Grundschule Uthlede ist ausgezeichnet als Plattd\u00fc\u00fctsche School \u2013Alle Sch\u00fclerinnen und Sch\u00fcler der Grundschule Uthlede erhalten ab der zweiten Klasse jeweils ein Halbjahr lang eine Stunde Plattdeutschunterricht pro Woche. \u2013Diese Stunde ist vom Deutschunterricht abgekoppelt und durch das Kerncurriculum Deutsch legitimiert. \u2013Die Kinder lernen spielerisch die plattdeutsche Sprache kennen, lernen Lieder und Geschichten kennen und [&hellip;]<\/p>\n","protected":false},"author":1,"featured_media":0,"parent":0,"menu_order":0,"comment_status":"closed","ping_status":"closed","template":"","meta":{"footnotes":""},"class_list":["post-671","page","type-page","status-publish","hentry"],"_links":{"self":[{"href":"http:\/\/grundschule-uthlede.de\/index.php?rest_route=\/wp\/v2\/pages\/671"}],"collection":[{"href":"http:\/\/grundschule-uthlede.de\/index.php?rest_route=\/wp\/v2\/pages"}],"about":[{"href":"http:\/\/grundschule-uthlede.de\/index.php?rest_route=\/wp\/v2\/types\/page"}],"author":[{"embeddable":true,"href":"http:\/\/grundschule-uthlede.de\/index.php?rest_route=\/wp\/v2\/users\/1"}],"replies":[{"embeddable":true,"href":"http:\/\/grundschule-uthlede.de\/index.php?rest_route=%2Fwp%2Fv2%2Fcomments&post=671"}],"version-history":[{"count":4,"href":"http:\/\/grundschule-uthlede.de\/index.php?rest_route=\/wp\/v2\/pages\/671\/revisions"}],"predecessor-version":[{"id":715,"href":"http:\/\/grundschule-uthlede.de\/index.php?rest_route=\/wp\/v2\/pages\/671\/revisions\/715"}],"wp:attachment":[{"href":"http:\/\/grundschule-uthlede.de\/index.php?rest_route=%2Fwp%2Fv2%2Fmedia&parent=671"}],"curies":[{"name":"wp","href":"https:\/\/api.w.org\/{rel}","templated":true}]}}