{"id":30,"date":"2020-04-03T14:57:51","date_gmt":"2020-04-03T14:57:51","guid":{"rendered":"http:\/\/bearbeitung.grundschule-uthlede.de\/?page_id=30"},"modified":"2025-09-22T16:44:46","modified_gmt":"2025-09-22T16:44:46","slug":"grundschule-uthlede","status":"publish","type":"page","link":"http:\/\/grundschule-uthlede.de\/","title":{"rendered":"Start"},"content":{"rendered":"\n<p><\/p>\n\n\n\n<h3 class=\"wp-block-heading has-text-align-center\">Herzlich Willkommen !<\/h3>\n\n\n\n<figure class=\"wp-block-gallery aligncenter has-nested-images columns-default is-cropped wp-block-gallery-1 is-layout-flex wp-block-gallery-is-layout-flex\"><div class=\"wp-block-image\">\n<figure class=\"aligncenter size-large\"><img loading=\"lazy\" decoding=\"async\" width=\"500\" height=\"283\" data-id=\"9\" src=\"http:\/\/grundschule-uthlede.de\/wp-content\/uploads\/2020\/03\/Bild-Startseite-GS-und-SuS.jpg\" alt=\"\" class=\"wp-image-9\" srcset=\"http:\/\/grundschule-uthlede.de\/wp-content\/uploads\/2020\/03\/Bild-Startseite-GS-und-SuS.jpg 500w, http:\/\/grundschule-uthlede.de\/wp-content\/uploads\/2020\/03\/Bild-Startseite-GS-und-SuS-300x170.jpg 300w\" sizes=\"(max-width: 500px) 100vw, 500px\" \/><\/figure><\/div><\/figure>\n\n\n\n<p class=\"has-text-align-left\"><\/p>\n\n\n\n<figure class=\"wp-block-gallery has-nested-images columns-default is-cropped wp-block-gallery-2 is-layout-flex wp-block-gallery-is-layout-flex\"><\/figure>\n\n\n\n<p>Wir, die Lehrkr\u00e4fte, Mitarbeiterinnen, Sch\u00fcler\/innen, Eltern und Freunde der Grundschule Uthlede versuchen t\u00e4glich, dem Anspruch unseres Leitbildes gerecht zu werden. &#8222;Wir alle sind eine lebendige Schule&#8220; bedeutet f\u00fcr uns Zusammenhalt, Respekt und gegenseitige Unterst\u00fctzung.<\/p>\n\n\n\n<p>Schul- und Klassenfahrten, sportliche Feste, Projekttage und Wettbewerbe sind f\u00fcr uns wichtige Teile unseres Schullebens und immer wieder auch Gelegenheiten, die Schule zu \u00f6ffnen und mit Eltern und Freunden gemeinsam Schule zu gestalten.<\/p>\n\n\n\n<p>Unser Einzugsgebiet liegt in der Gemeinde Hagen im Bremischen und umfasst die Ortschaften Uthlede, Wulsb\u00fcttel, Heine, Hoope, Lehnstedt, Sandstedt, Rechtenfleth, Offenwarden, Wersabe und Wurthfleth. Daher sind \u00fcber die H\u00e4lfte der Kinder sogenannte &#8222;Fahrsch\u00fcler\/innen&#8220;.<\/p>\n\n\n\n<p>Als &#8222;Verl\u00e4ssliche Grundschule&#8220; bieten wir eine sichere unterrichtliche und p\u00e4dagogische Versorgung der Kinder in der Zeit von 07.30 bis 12.20 Uhr. In einer anschlie\u00dfenden Stundenrandbetreuung k\u00f6nnen die Kinder bis 14.00 Uhr, im Hort sogar bis 16.30 Uhr in der Schule verbleiben. <a href=\"http:\/\/bearbeitung.grundschule-uthlede.de\/\/?page_id=89\">N\u00e4here Infos finden Sie hier.<\/a><\/p>\n\n\n\n<p>Gerne stehen wir Ihnen bei Fragen zur Verf\u00fcgung.<\/p>\n\n\n\n<p>Mit freundlichem Gru\u00df<\/p>\n\n\n\n<p>Nadine K\u00f6nig<\/p>\n\n\n\n<p>Schulleitung<\/p>\n","protected":false},"excerpt":{"rendered":"<p>Herzlich Willkommen ! Wir, die Lehrkr\u00e4fte, Mitarbeiterinnen, Sch\u00fcler\/innen, Eltern und Freunde der Grundschule Uthlede versuchen t\u00e4glich, dem Anspruch unseres Leitbildes gerecht zu werden. &#8222;Wir alle sind eine lebendige Schule&#8220; bedeutet f\u00fcr uns Zusammenhalt, Respekt und gegenseitige Unterst\u00fctzung. Schul- und Klassenfahrten, sportliche Feste, Projekttage und Wettbewerbe sind f\u00fcr uns wichtige Teile unseres Schullebens und immer wieder [&hellip;]<\/p>\n","protected":false},"author":1,"featured_media":0,"parent":0,"menu_order":1,"comment_status":"closed","ping_status":"closed","template":"","meta":{"footnotes":""},"class_list":["post-30","page","type-page","status-publish","hentry"],"_links":{"self":[{"href":"http:\/\/grundschule-uthlede.de\/index.php?rest_route=\/wp\/v2\/pages\/30"}],"collection":[{"href":"http:\/\/grundschule-uthlede.de\/index.php?rest_route=\/wp\/v2\/pages"}],"about":[{"href":"http:\/\/grundschule-uthlede.de\/index.php?rest_route=\/wp\/v2\/types\/page"}],"author":[{"embeddable":true,"href":"http:\/\/grundschule-uthlede.de\/index.php?rest_route=\/wp\/v2\/users\/1"}],"replies":[{"embeddable":true,"href":"http:\/\/grundschule-uthlede.de\/index.php?rest_route=%2Fwp%2Fv2%2Fcomments&post=30"}],"version-history":[{"count":35,"href":"http:\/\/grundschule-uthlede.de\/index.php?rest_route=\/wp\/v2\/pages\/30\/revisions"}],"predecessor-version":[{"id":744,"href":"http:\/\/grundschule-uthlede.de\/index.php?rest_route=\/wp\/v2\/pages\/30\/revisions\/744"}],"wp:attachment":[{"href":"http:\/\/grundschule-uthlede.de\/index.php?rest_route=%2Fwp%2Fv2%2Fmedia&parent=30"}],"curies":[{"name":"wp","href":"https:\/\/api.w.org\/{rel}","templated":true}]}}